{"id":765,"date":"2016-09-07T11:17:26","date_gmt":"2016-09-07T09:17:26","guid":{"rendered":"http:\/\/www.padeliberico.es\/blog-padeliberico\/newsletter\/"},"modified":"2016-09-07T12:03:19","modified_gmt":"2016-09-07T10:03:19","slug":"newsletter","status":"publish","type":"page","link":"https:\/\/www.padeliberico.es\/blog-padeliberico\/newsletter\/","title":{"rendered":"Bolet\u00edn"},"content":{"rendered":"<p>Suscr\u00edbete a nuestro bolet\u00edn y ll\u00e9vate un 5% de descuento en tu pr\u00f3xima compra en <strong><span style=\"color: #ff0000;\"><a style=\"color: #ff0000;\" href=\"https:\/\/www.padeliberico.es\/\">Padeliberico<\/a><\/span><\/strong>.<\/p>\r\n<p><div class=\"tnp tnp-subscription \">\n<form method=\"post\" action=\"https:\/\/www.padeliberico.es\/blog-padeliberico\/wp-admin\/admin-ajax.php?action=tnp&amp;na=s\">\n<input type=\"hidden\" name=\"nlang\" value=\"\">\n<div class=\"tnp-field tnp-field-email\"><label for=\"tnp-1\">Email<\/label>\n<input class=\"tnp-email\" type=\"email\" name=\"ne\" id=\"tnp-1\" value=\"\" placeholder=\"\" required><\/div>\n<div class=\"tnp-field tnp-field-button\" style=\"text-align: left\"><input class=\"tnp-submit\" type=\"submit\" value=\"Subscribe\" style=\"\">\n<\/div>\n<\/form>\n<\/div>\n<\/p>\n","protected":false},"excerpt":{"rendered":"","protected":false},"author":1,"featured_media":0,"parent":0,"menu_order":0,"comment_status":"closed","ping_status":"closed","template":"","meta":{"inline_featured_image":false,"_monsterinsights_skip_tracking":false,"_monsterinsights_sitenote_active":false,"_monsterinsights_sitenote_note":"","_monsterinsights_sitenote_category":0,"site-sidebar-layout":"default","site-content-layout":"","ast-site-content-layout":"default","site-content-style":"default","site-sidebar-style":"default","ast-global-header-display":"","ast-banner-title-visibility":"","ast-main-header-display":"","ast-hfb-above-header-display":"","ast-hfb-below-header-display":"","ast-hfb-mobile-header-display":"","site-post-title":"","ast-breadcrumbs-content":"","ast-featured-img":"","footer-sml-layout":"","theme-transparent-header-meta":"","adv-header-id-meta":"","stick-header-meta":"","header-above-stick-meta":"","header-main-stick-meta":"","header-below-stick-meta":"","astra-migrate-meta-layouts":"default","ast-page-background-enabled":"default","ast-page-background-meta":{"desktop":{"background-color":"var(--ast-global-color-5)","background-image":"","background-repeat":"repeat","background-position":"center center","background-size":"auto","background-attachment":"scroll","background-type":"","background-media":"","overlay-type":"","overlay-color":"","overlay-opacity":"","overlay-gradient":""},"tablet":{"background-color":"","background-image":"","background-repeat":"repeat","background-position":"center center","background-size":"auto","background-attachment":"scroll","background-type":"","background-media":"","overlay-type":"","overlay-color":"","overlay-opacity":"","overlay-gradient":""},"mobile":{"background-color":"","background-image":"","background-repeat":"repeat","background-position":"center center","background-size":"auto","background-attachment":"scroll","background-type":"","background-media":"","overlay-type":"","overlay-color":"","overlay-opacity":"","overlay-gradient":""}},"ast-content-background-meta":{"desktop":{"background-color":"var(--ast-global-color-4)","background-image":"","background-repeat":"repeat","background-position":"center center","background-size":"auto","background-attachment":"scroll","background-type":"","background-media":"","overlay-type":"","overlay-color":"","overlay-opacity":"","overlay-gradient":""},"tablet":{"background-color":"var(--ast-global-color-4)","background-image":"","background-repeat":"repeat","background-position":"center center","background-size":"auto","background-attachment":"scroll","background-type":"","background-media":"","overlay-type":"","overlay-color":"","overlay-opacity":"","overlay-gradient":""},"mobile":{"background-color":"var(--ast-global-color-4)","background-image":"","background-repeat":"repeat","background-position":"center center","background-size":"auto","background-attachment":"scroll","background-type":"","background-media":"","overlay-type":"","overlay-color":"","overlay-opacity":"","overlay-gradient":""}},"footnotes":""},"class_list":["post-765","page","type-page","status-publish","hentry"],"yoast_head":"<!-- This site is optimized with the Yoast SEO plugin v26.5 - https:\/\/yoast.com\/wordpress\/plugins\/seo\/ -->\n<title>Bolet\u00edn - Blog Padel Iberico<\/title>\n<meta name=\"robots\" content=\"index, follow, max-snippet:-1, max-image-preview:large, max-video-preview:-1\" \/>\n<link rel=\"canonical\" href=\"https:\/\/www.padeliberico.es\/blog-padeliberico\/newsletter\/\" \/>\n<script type=\"application\/ld+json\" class=\"yoast-schema-graph\">{\"@context\":\"https:\/\/schema.org\",\"@graph\":[{\"@type\":\"WebPage\",\"@id\":\"https:\/\/www.padeliberico.es\/blog-padeliberico\/newsletter\/\",\"url\":\"https:\/\/www.padeliberico.es\/blog-padeliberico\/newsletter\/\",\"name\":\"Bolet\u00edn - Blog Padel Iberico\",\"isPartOf\":{\"@id\":\"https:\/\/www.padeliberico.es\/blog-padeliberico\/#website\"},\"datePublished\":\"2016-09-07T09:17:26+00:00\",\"dateModified\":\"2016-09-07T10:03:19+00:00\",\"breadcrumb\":{\"@id\":\"https:\/\/www.padeliberico.es\/blog-padeliberico\/newsletter\/#breadcrumb\"},\"inLanguage\":\"es\",\"potentialAction\":[{\"@type\":\"ReadAction\",\"target\":[\"https:\/\/www.padeliberico.es\/blog-padeliberico\/newsletter\/\"]}]},{\"@type\":\"BreadcrumbList\",\"@id\":\"https:\/\/www.padeliberico.es\/blog-padeliberico\/newsletter\/#breadcrumb\",\"itemListElement\":[{\"@type\":\"ListItem\",\"position\":1,\"name\":\"Blog de padel\",\"item\":\"https:\/\/www.padeliberico.es\/blog-padeliberico\/\"},{\"@type\":\"ListItem\",\"position\":2,\"name\":\"Bolet\u00edn\"}]},{\"@type\":\"WebSite\",\"@id\":\"https:\/\/www.padeliberico.es\/blog-padeliberico\/#website\",\"url\":\"https:\/\/www.padeliberico.es\/blog-padeliberico\/\",\"name\":\"Blog Padel Iberico\",\"description\":\"\",\"publisher\":{\"@id\":\"https:\/\/www.padeliberico.es\/blog-padeliberico\/#organization\"},\"potentialAction\":[{\"@type\":\"SearchAction\",\"target\":{\"@type\":\"EntryPoint\",\"urlTemplate\":\"https:\/\/www.padeliberico.es\/blog-padeliberico\/?s={search_term_string}\"},\"query-input\":{\"@type\":\"PropertyValueSpecification\",\"valueRequired\":true,\"valueName\":\"search_term_string\"}}],\"inLanguage\":\"es\"},{\"@type\":\"Organization\",\"@id\":\"https:\/\/www.padeliberico.es\/blog-padeliberico\/#organization\",\"name\":\"P\u00e1del Ib\u00e9rico\",\"url\":\"https:\/\/www.padeliberico.es\/blog-padeliberico\/\",\"logo\":{\"@type\":\"ImageObject\",\"inLanguage\":\"es\",\"@id\":\"https:\/\/www.padeliberico.es\/blog-padeliberico\/#\/schema\/logo\/image\/\",\"url\":\"https:\/\/www.padeliberico.es\/blog-padeliberico\/wp-content\/uploads\/2025\/12\/padel-iberico-es.svg\",\"contentUrl\":\"https:\/\/www.padeliberico.es\/blog-padeliberico\/wp-content\/uploads\/2025\/12\/padel-iberico-es.svg\",\"width\":100,\"height\":100,\"caption\":\"P\u00e1del Ib\u00e9rico\"},\"image\":{\"@id\":\"https:\/\/www.padeliberico.es\/blog-padeliberico\/#\/schema\/logo\/image\/\"}}]}<\/script>\n<!-- \/ Yoast SEO plugin. -->","yoast_head_json":{"title":"Bolet\u00edn - Blog Padel Iberico","robots":{"index":"index","follow":"follow","max-snippet":"max-snippet:-1","max-image-preview":"max-image-preview:large","max-video-preview":"max-video-preview:-1"},"canonical":"https:\/\/www.padeliberico.es\/blog-padeliberico\/newsletter\/","schema":{"@context":"https:\/\/schema.org","@graph":[{"@type":"WebPage","@id":"https:\/\/www.padeliberico.es\/blog-padeliberico\/newsletter\/","url":"https:\/\/www.padeliberico.es\/blog-padeliberico\/newsletter\/","name":"Bolet\u00edn - Blog Padel Iberico","isPartOf":{"@id":"https:\/\/www.padeliberico.es\/blog-padeliberico\/#website"},"datePublished":"2016-09-07T09:17:26+00:00","dateModified":"2016-09-07T10:03:19+00:00","breadcrumb":{"@id":"https:\/\/www.padeliberico.es\/blog-padeliberico\/newsletter\/#breadcrumb"},"inLanguage":"es","potentialAction":[{"@type":"ReadAction","target":["https:\/\/www.padeliberico.es\/blog-padeliberico\/newsletter\/"]}]},{"@type":"BreadcrumbList","@id":"https:\/\/www.padeliberico.es\/blog-padeliberico\/newsletter\/#breadcrumb","itemListElement":[{"@type":"ListItem","position":1,"name":"Blog de padel","item":"https:\/\/www.padeliberico.es\/blog-padeliberico\/"},{"@type":"ListItem","position":2,"name":"Bolet\u00edn"}]},{"@type":"WebSite","@id":"https:\/\/www.padeliberico.es\/blog-padeliberico\/#website","url":"https:\/\/www.padeliberico.es\/blog-padeliberico\/","name":"Blog Padel Iberico","description":"","publisher":{"@id":"https:\/\/www.padeliberico.es\/blog-padeliberico\/#organization"},"potentialAction":[{"@type":"SearchAction","target":{"@type":"EntryPoint","urlTemplate":"https:\/\/www.padeliberico.es\/blog-padeliberico\/?s={search_term_string}"},"query-input":{"@type":"PropertyValueSpecification","valueRequired":true,"valueName":"search_term_string"}}],"inLanguage":"es"},{"@type":"Organization","@id":"https:\/\/www.padeliberico.es\/blog-padeliberico\/#organization","name":"P\u00e1del Ib\u00e9rico","url":"https:\/\/www.padeliberico.es\/blog-padeliberico\/","logo":{"@type":"ImageObject","inLanguage":"es","@id":"https:\/\/www.padeliberico.es\/blog-padeliberico\/#\/schema\/logo\/image\/","url":"https:\/\/www.padeliberico.es\/blog-padeliberico\/wp-content\/uploads\/2025\/12\/padel-iberico-es.svg","contentUrl":"https:\/\/www.padeliberico.es\/blog-padeliberico\/wp-content\/uploads\/2025\/12\/padel-iberico-es.svg","width":100,"height":100,"caption":"P\u00e1del Ib\u00e9rico"},"image":{"@id":"https:\/\/www.padeliberico.es\/blog-padeliberico\/#\/schema\/logo\/image\/"}}]}},"_links":{"self":[{"href":"https:\/\/www.padeliberico.es\/blog-padeliberico\/wp-json\/wp\/v2\/pages\/765","targetHints":{"allow":["GET"]}}],"collection":[{"href":"https:\/\/www.padeliberico.es\/blog-padeliberico\/wp-json\/wp\/v2\/pages"}],"about":[{"href":"https:\/\/www.padeliberico.es\/blog-padeliberico\/wp-json\/wp\/v2\/types\/page"}],"author":[{"embeddable":true,"href":"https:\/\/www.padeliberico.es\/blog-padeliberico\/wp-json\/wp\/v2\/users\/1"}],"replies":[{"embeddable":true,"href":"https:\/\/www.padeliberico.es\/blog-padeliberico\/wp-json\/wp\/v2\/comments?post=765"}],"version-history":[{"count":1,"href":"https:\/\/www.padeliberico.es\/blog-padeliberico\/wp-json\/wp\/v2\/pages\/765\/revisions"}],"predecessor-version":[{"id":766,"href":"https:\/\/www.padeliberico.es\/blog-padeliberico\/wp-json\/wp\/v2\/pages\/765\/revisions\/766"}],"wp:attachment":[{"href":"https:\/\/www.padeliberico.es\/blog-padeliberico\/wp-json\/wp\/v2\/media?parent=765"}],"curies":[{"name":"wp","href":"https:\/\/api.w.org\/{rel}","templated":true}]}}